{"id":335,"date":"2025-07-26T17:17:27","date_gmt":"2025-07-26T15:17:27","guid":{"rendered":"https:\/\/www.luppoloegrano.com\/privacy-policy\/"},"modified":"2025-07-27T11:03:17","modified_gmt":"2025-07-27T09:03:17","slug":"privacy-policy","status":"publish","type":"page","link":"https:\/\/www.luppoloegrano.com\/fr\/privacy-policy\/","title":{"rendered":"Privacy Policy"},"content":{"rendered":"\t\t<div data-elementor-type=\"wp-page\" data-elementor-id=\"335\" class=\"elementor elementor-335 elementor-3\" data-elementor-post-type=\"page\">\n\t\t\t\t<div class=\"elementor-element elementor-element-d6b3f33 e-con-full e-flex e-con e-parent\" data-id=\"d6b3f33\" data-element_type=\"container\" data-e-type=\"container\" data-settings=\"{&quot;background_background&quot;:&quot;gradient&quot;}\">\n\t\t\t\t<\/div>\n\t\t<div class=\"elementor-element elementor-element-61e2ef95 e-flex e-con-boxed e-con e-parent\" data-id=\"61e2ef95\" data-element_type=\"container\" data-e-type=\"container\">\n\t\t\t\t\t<div class=\"e-con-inner\">\n\t\t\t\t<div class=\"elementor-element elementor-element-1864b3a7 elementor-widget elementor-widget-text-editor\" data-id=\"1864b3a7\" data-element_type=\"widget\" data-e-type=\"widget\" data-widget_type=\"text-editor.default\">\n\t\t\t\t\t\t\t\t\t<p class=\"p1\"><b>Derni\u00e8re mise \u00e0 jour : 27 luglio 2025<br \/><br \/><\/b>Cette politique de confidentialit\u00e9 est fournie conform\u00e9ment \u00e0 l\u2019article 13 du R\u00e8glement (UE) 2016\/679 (\u201cRGPD\u201d) et concerne le traitement des donn\u00e9es personnelles effectu\u00e9 via le site <span class=\"s1\"><b>luppoloegrano.com<\/b><\/span>, propri\u00e9t\u00e9 de :<\/p><p class=\"p1\"><b>Planet Service S.r.l.<\/b><b><\/b><\/p><p class=\"p3\">TVA : IT00614860070<\/p><p class=\"p3\">Email : info@luppoloegrano.com<\/p><hr \/><h3><b>1. Responsable du traitement<\/b><\/h3><p class=\"p3\">Le responsable du traitement des donn\u00e9es est <span class=\"s1\"><b>Planet Service S.r.l.<\/b><\/span>, joignable \u00e0 l\u2019adresse <span class=\"s1\"><b>info@luppoloegrano.com<\/b><b><\/b><\/span><\/p><hr \/><h3><b>2. Types de Donn\u00e9es Collect\u00e9es<\/b><\/h3><h4><b>a. Donn\u00e9es de navigation<\/b><\/h4><p class=\"p3\">Les syst\u00e8mes informatiques et les logiciels de fonctionnement de ce site collectent, dans le cadre de leur fonctionnement normal, certaines donn\u00e9es personnelles telles que : adresses IP, type de navigateur, syst\u00e8me d\u2019exploitation, noms de domaine, horaires d\u2019acc\u00e8s, URL de provenance.<\/p><p class=\"p3\">Ces donn\u00e9es sont utilis\u00e9es uniquement \u00e0 des fins statistiques anonymes et pour garantir le bon fonctionnement du site.<\/p><h4><b>b. Donn\u00e9es fournies via le formulaire de contact<\/b><\/h4><p class=\"p3\">Le remplissage volontaire du formulaire de contact implique la collecte de donn\u00e9es personnelles (nom, pr\u00e9nom, adresse email, t\u00e9l\u00e9phone \u00e9ventuel, contenu du message).<\/p><h4><b>c. Donn\u00e9es fournies par t\u00e9l\u00e9phone ou email<\/b><\/h4><p class=\"p3\">En cas de contact direct par t\u00e9l\u00e9phone ou email, des donn\u00e9es personnelles n\u00e9cessaires pour r\u00e9pondre \u00e0 votre demande pourront \u00eatre collect\u00e9es.<\/p><hr \/><h3><b>3. Finalit\u00e9s et Base Juridique<\/b><\/h3><p class=\"p3\">Les donn\u00e9es collect\u00e9es sont utilis\u00e9es pour :<\/p><ul><li><p class=\"p1\"><span class=\"s1\">R\u00e9pondre aux demandes de contact (<\/span><b>base l\u00e9gale : art. 6, al. 1, let. b \u2013 mesures pr\u00e9contractuelles ou contractuelles<\/b><span class=\"s1\">)<\/span><\/p><\/li><li><p class=\"p1\"><span class=\"s1\">Garantir le bon fonctionnement du site (<\/span><b>int\u00e9r\u00eat l\u00e9gitime du responsable du traitement<\/b><span class=\"s1\">)<\/span><\/p><\/li><li><p class=\"p1\">Effectuer des analyses statistiques anonymes via <span class=\"s1\"><b>Matomo<\/b><\/span> (<span class=\"s1\"><b>base l\u00e9gale : consentement<\/b><\/span>, si applicable)<\/p><\/li><\/ul><hr \/><h3><b>4. Cookies et Matomo<\/b><\/h3><p class=\"p3\">Ce site utilise <span class=\"s1\"><b>Matomo<\/b><\/span>, une solution d\u2019analyse web open-source install\u00e9e en <span class=\"s1\"><b>auto-h\u00e9bergement<\/b><\/span>. Aucune donn\u00e9e n\u2019est transf\u00e9r\u00e9e \u00e0 des tiers.<\/p><p class=\"p3\">Matomo est configur\u00e9 pour anonymiser les adresses IP et ne pas utiliser de cookies tra\u00e7ants sans consentement (si applicable).<\/p><p class=\"p3\">Plus d\u2019infos : <a href=\"https:\/\/matomo.org\/privacy-policy\/\">https:\/\/matomo.org\/privacy-policy\/<\/a><\/p><hr \/><h3><b>5. Modalit\u00e9s de Traitement<\/b><\/h3><p class=\"p3\">Les donn\u00e9es sont trait\u00e9es \u00e0 l\u2019aide d\u2019outils manuels et informatiques pendant la dur\u00e9e strictement n\u00e9cessaire.<\/p><p class=\"p3\">Des mesures techniques et organisationnelles sont mises en \u0153uvre pour assurer la s\u00e9curit\u00e9 des donn\u00e9es.<\/p><hr \/><h3><b>6. Dur\u00e9e de Conservation<\/b><\/h3><ul><li><p class=\"p1\">Les donn\u00e9es de navigation sont conserv\u00e9es pendant <span class=\"s1\"><b>[ex. 30 jours]<\/b><b><\/b><\/span><\/p><\/li><li><p class=\"p1\">Les donn\u00e9es de contact sont conserv\u00e9es le temps n\u00e9cessaire pour r\u00e9pondre \u00e0 la demande, et en tout cas pas plus de <span class=\"s1\"><b>12 mois<\/b><\/span>, sauf obligation l\u00e9gale.<\/p><\/li><\/ul><hr \/><h3><b>7. Droits des Utilisateurs<\/b><\/h3><p class=\"p3\">Vous avez le droit de :<\/p><ul><li><p class=\"p1\">Acc\u00e9der \u00e0 vos donn\u00e9es<\/p><\/li><li><p class=\"p1\">Demander la rectification ou la suppression<\/p><\/li><li><p class=\"p1\">Vous opposer au traitement ou en demander la limitation<\/p><\/li><li><p class=\"p1\">Recevoir vos donn\u00e9es dans un format structur\u00e9 (portabilit\u00e9)<\/p><\/li><li><p class=\"p1\">D\u00e9poser une plainte aupr\u00e8s de <span class=\"s1\"><b>l\u2019autorit\u00e9 de protection des donn\u00e9es<\/b><\/span> (<a href=\"https:\/\/www.garanteprivacy.it\">www.garanteprivacy.it<\/a>)<\/p><\/li><\/ul><p class=\"p3\">Pour exercer vos droits, contactez <span class=\"s1\"><b>info@luppoloegrano.com<\/b><b><\/b><\/span><\/p><hr \/><h3><b>8. Communication et Transfert des Donn\u00e9es<\/b><\/h3><p class=\"p3\">Les donn\u00e9es ne seront ni diffus\u00e9es ni transf\u00e9r\u00e9es en dehors de l\u2019UE. Elles pourront \u00eatre trait\u00e9es par des tiers en tant que <span class=\"s1\"><b>sous-traitants<\/b><\/span>, r\u00e9guli\u00e8rement d\u00e9sign\u00e9s.<\/p><hr \/><h3><b>9. Fourniture des Donn\u00e9es<\/b><\/h3><p class=\"p3\">La communication des donn\u00e9es est <span class=\"s1\"><b>facultative<\/b><\/span>, mais l\u2019absence de certains champs peut emp\u00eacher le traitement des demandes via le formulaire.<\/p><hr \/><p class=\"p3\">Fammi sapere se desideri:<\/p><ul><li><p class=\"p1\">la <span class=\"s1\"><b>versione HTML<\/b><\/span> da incorporare nel sito<\/p><\/li><li><p class=\"p1\">un <span class=\"s1\"><b>PDF\/Word<\/b><\/span> scaricabile<\/p><\/li><li><p class=\"p1\">un <span class=\"s1\"><b>banner cookie<\/b><\/span> correlato<\/p><\/li><li><p class=\"p1\">o vuoi aggiungere qualcosa come newsletter o plugin di terze parti (es. Google Maps, social, etc.)<\/p><\/li><\/ul>\t\t\t\t\t\t\t\t<\/div>\n\t\t\t\t\t<\/div>\n\t\t\t\t<\/div>\n\t\t\t\t<\/div>\n\t\t","protected":false},"excerpt":{"rendered":"<p>Derni\u00e8re mise \u00e0 jour : 27 luglio 2025 Cette politique de confidentialit\u00e9 est fournie conform\u00e9ment \u00e0 l\u2019article 13 du R\u00e8glement (UE) 2016\/679 (\u201cRGPD\u201d) et concerne le traitement des donn\u00e9es personnelles effectu\u00e9 via le site luppoloegrano.com, propri\u00e9t\u00e9 de : Planet Service S.r.l. TVA : IT00614860070 Email : info@luppoloegrano.com 1. Responsable du traitement Le responsable du traitement [&hellip;]<\/p>\n","protected":false},"author":1,"featured_media":0,"parent":0,"menu_order":0,"comment_status":"closed","ping_status":"closed","template":"","meta":{"_monsterinsights_skip_tracking":false,"_monsterinsights_sitenote_active":false,"_monsterinsights_sitenote_note":"","_monsterinsights_sitenote_category":0,"footnotes":""},"class_list":["post-335","page","type-page","status-publish","hentry"],"aioseo_notices":[],"_links":{"self":[{"href":"https:\/\/www.luppoloegrano.com\/fr\/wp-json\/wp\/v2\/pages\/335","targetHints":{"allow":["GET"]}}],"collection":[{"href":"https:\/\/www.luppoloegrano.com\/fr\/wp-json\/wp\/v2\/pages"}],"about":[{"href":"https:\/\/www.luppoloegrano.com\/fr\/wp-json\/wp\/v2\/types\/page"}],"author":[{"embeddable":true,"href":"https:\/\/www.luppoloegrano.com\/fr\/wp-json\/wp\/v2\/users\/1"}],"replies":[{"embeddable":true,"href":"https:\/\/www.luppoloegrano.com\/fr\/wp-json\/wp\/v2\/comments?post=335"}],"version-history":[{"count":10,"href":"https:\/\/www.luppoloegrano.com\/fr\/wp-json\/wp\/v2\/pages\/335\/revisions"}],"predecessor-version":[{"id":361,"href":"https:\/\/www.luppoloegrano.com\/fr\/wp-json\/wp\/v2\/pages\/335\/revisions\/361"}],"wp:attachment":[{"href":"https:\/\/www.luppoloegrano.com\/fr\/wp-json\/wp\/v2\/media?parent=335"}],"curies":[{"name":"wp","href":"https:\/\/api.w.org\/{rel}","templated":true}]}}